{"id":92,"date":"2023-04-27T10:41:42","date_gmt":"2023-04-27T10:41:42","guid":{"rendered":"http:\/\/www.cidasinmobiliaria.es\/contact\/"},"modified":"2024-07-09T07:46:26","modified_gmt":"2024-07-09T07:46:26","slug":"contact","status":"publish","type":"page","link":"https:\/\/www.cidasinmobiliaria.es\/en\/contact\/","title":{"rendered":"Contact"},"content":{"rendered":"\t\t<div data-elementor-type=\"wp-page\" data-elementor-id=\"92\" class=\"elementor elementor-92 elementor-70\">\n\t\t\t\t\t\t<section class=\"elementor-section elementor-top-section elementor-element elementor-element-d56a52d elementor-section-stretched elementor-section-boxed elementor-section-height-default elementor-section-height-default\" data-id=\"d56a52d\" data-element_type=\"section\" data-e-type=\"section\" data-settings=\"{&quot;stretch_section&quot;:&quot;section-stretched&quot;}\">\n\t\t\t\t\t\t<div class=\"elementor-container elementor-column-gap-default\">\n\t\t\t\t\t<div class=\"elementor-column elementor-col-100 elementor-top-column elementor-element elementor-element-1c18f5c\" data-id=\"1c18f5c\" data-element_type=\"column\" data-e-type=\"column\">\n\t\t\t<div class=\"elementor-widget-wrap elementor-element-populated\">\n\t\t\t\t\t\t<section class=\"elementor-section elementor-inner-section elementor-element elementor-element-aa45786 elementor-section-boxed elementor-section-height-default elementor-section-height-default\" data-id=\"aa45786\" data-element_type=\"section\" data-e-type=\"section\">\n\t\t\t\t\t\t<div class=\"elementor-container elementor-column-gap-default\">\n\t\t\t\t\t<div class=\"elementor-column elementor-col-100 elementor-inner-column elementor-element elementor-element-9deeba2\" data-id=\"9deeba2\" data-element_type=\"column\" data-e-type=\"column\">\n\t\t\t<div class=\"elementor-widget-wrap elementor-element-populated\">\n\t\t\t\t\t\t<div class=\"elementor-element elementor-element-c3e0919 elementor-widget elementor-widget-heading\" data-id=\"c3e0919\" data-element_type=\"widget\" data-e-type=\"widget\" data-widget_type=\"heading.default\">\n\t\t\t\t<div class=\"elementor-widget-container\">\n\t\t\t\t\t<h1 class=\"elementor-heading-title elementor-size-default\">Contact<\/h1>\t\t\t\t<\/div>\n\t\t\t\t<\/div>\n\t\t\t\t\t<\/div>\n\t\t<\/div>\n\t\t\t\t\t<\/div>\n\t\t<\/section>\n\t\t\t\t<section class=\"elementor-section elementor-inner-section elementor-element elementor-element-4160e11 elementor-section-boxed elementor-section-height-default elementor-section-height-default\" data-id=\"4160e11\" data-element_type=\"section\" data-e-type=\"section\">\n\t\t\t\t\t\t<div class=\"elementor-container elementor-column-gap-default\">\n\t\t\t\t\t<div class=\"elementor-column elementor-col-50 elementor-inner-column elementor-element elementor-element-be6279d\" data-id=\"be6279d\" data-element_type=\"column\" data-e-type=\"column\">\n\t\t\t<div class=\"elementor-widget-wrap elementor-element-populated\">\n\t\t\t\t\t\t<div class=\"elementor-element elementor-element-9eaf3c6 elementor-widget elementor-widget-heading\" data-id=\"9eaf3c6\" data-element_type=\"widget\" data-e-type=\"widget\" data-widget_type=\"heading.default\">\n\t\t\t\t<div class=\"elementor-widget-container\">\n\t\t\t\t\t<h2 class=\"elementor-heading-title elementor-size-default\">WHERE TO FIND US?<\/h2>\t\t\t\t<\/div>\n\t\t\t\t<\/div>\n\t\t\t\t<div class=\"elementor-element elementor-element-e65263b elementor-widget elementor-widget-text-editor\" data-id=\"e65263b\" data-element_type=\"widget\" data-e-type=\"widget\" data-widget_type=\"text-editor.default\">\n\t\t\t\t<div class=\"elementor-widget-container\">\n\t\t\t\t\t\t\t\t\t<p><img decoding=\"async\" class=\"alignnone size-full wp-image-789\" src=\"http:\/\/www.cidasinmobiliaria.es\/wp-content\/uploads\/2023\/05\/map.png\" alt=\"\" width=\"38\" height=\"47\"> Fuertes Acevedo 83 &#8211; Bajo, Oviedo, Asturias<\/p>\n<p><img decoding=\"async\" class=\"alignnone size-full wp-image-791\" src=\"http:\/\/www.cidasinmobiliaria.es\/wp-content\/uploads\/2023\/05\/reloj.png\" alt=\"\" width=\"46\" height=\"46\"> Mornings: 10:00 \u2013 13:30 \/ Afternoon: 16:30 \u2013 20:00<\/p>\n<p><img decoding=\"async\" class=\"alignnone size-full wp-image-802\" src=\"http:\/\/www.cidasinmobiliaria.es\/wp-content\/uploads\/2023\/05\/phone_azul.png\" alt=\"\" width=\"46\" height=\"57\">  985 277 270<\/p>\n<p><img loading=\"lazy\" decoding=\"async\" class=\"alignnone size-full wp-image-804\" src=\"http:\/\/www.cidasinmobiliaria.es\/wp-content\/uploads\/2023\/05\/what.png\" alt=\"\" width=\"52\" height=\"47\">  622 109 071<\/p>\n<p><img loading=\"lazy\" decoding=\"async\" class=\"alignnone size-full wp-image-806\" src=\"http:\/\/www.cidasinmobiliaria.es\/wp-content\/uploads\/2023\/05\/mail_amarillo.png\" alt=\"\" width=\"43\" height=\"42\"> info@cidasinmobiliaria.es<\/p>\n\t\t\t\t\t\t\t\t<\/div>\n\t\t\t\t<\/div>\n\t\t\t\t<div class=\"elementor-element elementor-element-9968c6f elementor-widget elementor-widget-html\" data-id=\"9968c6f\" data-element_type=\"widget\" data-e-type=\"widget\" data-widget_type=\"html.default\">\n\t\t\t\t<div class=\"elementor-widget-container\">\n\t\t\t\t\t<p>\n\t\t<iframe title=\"mapa\" src=\"https:\/\/www.google.com\/maps\/embed?pb=!1m14!1m8!1m3!1d11603.734304623022!2d-5.8716667!3d43.3575!3m2!1i1024!2i768!4f13.1!3m3!1m2!1s0x0%3A0x25618dae2c6a8115!2sInmobiliaria%20CIDAS!5e0!3m2!1ses!2ses!4v1622792566821!5m2!1ses!2ses\" width=\"100%\" height=\"450\" style=\"border:0;\" allowfullscreen=\"\" loading=\"lazy\"><\/iframe>\n\t\t<\/p>\t\t\t\t<\/div>\n\t\t\t\t<\/div>\n\t\t\t\t\t<\/div>\n\t\t<\/div>\n\t\t\t\t<div class=\"elementor-column elementor-col-50 elementor-inner-column elementor-element elementor-element-f20de49\" data-id=\"f20de49\" data-element_type=\"column\" data-e-type=\"column\">\n\t\t\t<div class=\"elementor-widget-wrap elementor-element-populated\">\n\t\t\t\t\t\t<section class=\"elementor-section elementor-inner-section elementor-element elementor-element-7fb417f elementor-section-boxed elementor-section-height-default elementor-section-height-default\" data-id=\"7fb417f\" data-element_type=\"section\" data-e-type=\"section\">\n\t\t\t\t\t\t<div class=\"elementor-container elementor-column-gap-default\">\n\t\t\t\t\t<div class=\"elementor-column elementor-col-100 elementor-inner-column elementor-element elementor-element-619bfa0\" data-id=\"619bfa0\" data-element_type=\"column\" data-e-type=\"column\">\n\t\t\t<div class=\"elementor-widget-wrap elementor-element-populated\">\n\t\t\t\t\t\t<div class=\"elementor-element elementor-element-4c6dd06 elementor-widget elementor-widget-heading\" data-id=\"4c6dd06\" data-element_type=\"widget\" data-e-type=\"widget\" data-widget_type=\"heading.default\">\n\t\t\t\t<div class=\"elementor-widget-container\">\n\t\t\t\t\t<h2 class=\"elementor-heading-title elementor-size-default\">HOW CAN WE HELP YOU?<\/h2>\t\t\t\t<\/div>\n\t\t\t\t<\/div>\n\t\t\t\t\t<\/div>\n\t\t<\/div>\n\t\t\t\t\t<\/div>\n\t\t<\/section>\n\t\t\t\t<section class=\"elementor-section elementor-inner-section elementor-element elementor-element-60701fe elementor-section-boxed elementor-section-height-default elementor-section-height-default\" data-id=\"60701fe\" data-element_type=\"section\" data-e-type=\"section\">\n\t\t\t\t\t\t<div class=\"elementor-container elementor-column-gap-default\">\n\t\t\t\t\t<div class=\"elementor-column elementor-col-100 elementor-inner-column elementor-element elementor-element-3526d56\" data-id=\"3526d56\" data-element_type=\"column\" data-e-type=\"column\">\n\t\t\t<div class=\"elementor-widget-wrap elementor-element-populated\">\n\t\t\t\t\t\t<div class=\"elementor-element elementor-element-1839ed4 elementor-widget elementor-widget-wpforms\" data-id=\"1839ed4\" data-element_type=\"widget\" data-e-type=\"widget\" data-widget_type=\"wpforms.default\">\n\t\t\t\t<div class=\"elementor-widget-container\">\n\t\t\t\t\t<div class=\"wpforms-container wpforms-container-full wpforms-render-modern\" id=\"wpforms-635\"><form id=\"wpforms-form-635\" class=\"wpforms-validate wpforms-form wpforms-ajax-form\" data-formid=\"635\" method=\"post\" enctype=\"multipart\/form-data\" action=\"\/en\/wp-json\/wp\/v2\/pages\/92\" data-token=\"7ece8fd45b38a14420cfdb4d364224ca\" data-token-time=\"1777905683\"><noscript class=\"wpforms-error-noscript\">Please enable JavaScript in your browser to complete this form.<\/noscript><div id=\"wpforms-error-noscript\" style=\"display: none;\">Please enable JavaScript in your browser to complete this form.<\/div><div class=\"wpforms-field-container\"><div id=\"wpforms-635-field_0-container\" class=\"wpforms-field wpforms-field-name\" data-field-id=\"0\"><label class=\"wpforms-field-label\" for=\"wpforms-635-field_0\">Nombre <span class=\"wpforms-required-label\" aria-hidden=\"true\">*<\/span><\/label><input type=\"text\" id=\"wpforms-635-field_0\" class=\"wpforms-field-large wpforms-field-required\" name=\"wpforms[fields][0]\" aria-errormessage=\"wpforms-635-field_0-error\" required><\/div><div id=\"wpforms-635-field_4-container\" class=\"wpforms-field wpforms-field-number\" data-field-id=\"4\"><label class=\"wpforms-field-label\" for=\"wpforms-635-field_4\">Tel\u00e9fono<\/label><input type=\"number\" id=\"wpforms-635-field_4\" class=\"wpforms-field-large\" name=\"wpforms[fields][4]\" step=\"any\" aria-errormessage=\"wpforms-635-field_4-error\" ><\/div><div id=\"wpforms-635-field_1-container\" class=\"wpforms-field wpforms-field-email\" data-field-id=\"1\"><label class=\"wpforms-field-label\" for=\"wpforms-635-field_1\">E -mail <span class=\"wpforms-required-label\" aria-hidden=\"true\">*<\/span><\/label><input type=\"email\" id=\"wpforms-635-field_1\" class=\"wpforms-field-large wpforms-field-required\" name=\"wpforms[fields][1]\" spellcheck=\"false\" aria-errormessage=\"wpforms-635-field_1-error\" required><\/div><div id=\"wpforms-635-field_2-container\" class=\"wpforms-field wpforms-field-textarea\" data-field-id=\"2\"><label class=\"wpforms-field-label\" for=\"wpforms-635-field_2\">Mensaje <span class=\"wpforms-required-label\" aria-hidden=\"true\">*<\/span><\/label><textarea id=\"wpforms-635-field_2\" class=\"wpforms-field-medium wpforms-field-required\" name=\"wpforms[fields][2]\" aria-errormessage=\"wpforms-635-field_2-error\" required><\/textarea><\/div><div id=\"wpforms-635-field_5-container\" class=\"wpforms-field wpforms-field-checkbox\" data-field-id=\"5\"><fieldset><legend class=\"wpforms-field-label wpforms-label-hide\" aria-hidden=\"false\">Aceptaci\u00f3n <span class=\"wpforms-required-label\" aria-hidden=\"true\">*<\/span><\/legend><ul id=\"wpforms-635-field_5\" class=\"wpforms-field-required\"><li class=\"choice-1 depth-1\"><input type=\"checkbox\" id=\"wpforms-635-field_5_1\" name=\"wpforms[fields][5][]\" value=\"Acepto el tratamiento de datos para enviar comunicaciones comerciales\" aria-errormessage=\"wpforms-635-field_5_1-error\" aria-describedby=\"wpforms-635-field_5-description\" required ><label class=\"wpforms-field-label-inline\" for=\"wpforms-635-field_5_1\">Acepto el tratamiento de datos para enviar comunicaciones comerciales<\/label><\/li><\/ul><div id=\"wpforms-635-field_5-description\" class=\"wpforms-field-description\">Protecci\u00f3n de datos personales Utilizaremos sus datos para responder consultas, enviar comunicaciones comerciales y realizar an\u00e1lisis estad\u00edsticos. Para m\u00e1s informaci\u00f3n sobre el tratamiento y sus derechos, consulte la <a href=\"\/politica-de-privacidad\/\">Pol\u00edtica de privacidad<\/a><\/div><\/fieldset><\/div><\/div><!-- .wpforms-field-container --><div class=\"wpforms-recaptcha-container wpforms-is-recaptcha wpforms-is-recaptcha-type-v3\" ><input type=\"hidden\" name=\"wpforms[recaptcha]\" value=\"\"><\/div><div class=\"wpforms-submit-container\" ><input type=\"hidden\" name=\"wpforms[id]\" value=\"635\"><input type=\"hidden\" name=\"page_title\" value=\"\"><input type=\"hidden\" name=\"page_url\" value=\"https:\/\/www.cidasinmobiliaria.es\/en\/wp-json\/wp\/v2\/pages\/92\"><input type=\"hidden\" name=\"url_referer\" value=\"\"><button type=\"submit\" name=\"wpforms[submit]\" id=\"wpforms-submit-635\" class=\"wpforms-submit\" data-alt-text=\"Enviando...\" data-submit-text=\"Enviar\" aria-live=\"assertive\" value=\"wpforms-submit\">Enviar<\/button><img loading=\"lazy\" decoding=\"async\" src=\"https:\/\/www.cidasinmobiliaria.es\/wp-content\/plugins\/wpforms-lite\/assets\/images\/submit-spin.svg\" class=\"wpforms-submit-spinner\" style=\"display: none;\" width=\"26\" height=\"26\" alt=\"Loading\"><\/div><\/form><\/div>  <!-- .wpforms-container -->\t\t\t\t<\/div>\n\t\t\t\t<\/div>\n\t\t\t\t\t<\/div>\n\t\t<\/div>\n\t\t\t\t\t<\/div>\n\t\t<\/section>\n\t\t\t\t\t<\/div>\n\t\t<\/div>\n\t\t\t\t\t<\/div>\n\t\t<\/section>\n\t\t\t\t\t<\/div>\n\t\t<\/div>\n\t\t\t\t\t<\/div>\n\t\t<\/section>\n\t\t\t\t<\/div>\n\t\t","protected":false},"excerpt":{"rendered":"<p>Contact WHERE TO FIND US? Fuertes Acevedo 83 &#8211; Bajo, Oviedo, Asturias Mornings: 10:00 \u2013 13:30 \/ Afternoon: 16:30 \u2013 20:00 985 277 270 622 109 071 info@cidasinmobiliaria.es HOW CAN WE HELP YOU? Por favor, activa JavaScript en tu navegador para completar este formulario.Por favor, activa JavaScript en tu navegador para completar este formulario.Nombre *Tel\u00e9fonoE&hellip; <a class=\"more-link\" href=\"https:\/\/www.cidasinmobiliaria.es\/en\/contact\/\">Continue reading <span class=\"screen-reader-text\">Contact<\/span><\/a><\/p>\n","protected":false},"author":1,"featured_media":0,"parent":0,"menu_order":0,"comment_status":"closed","ping_status":"closed","template":"","meta":{"footnotes":""},"class_list":["post-92","page","type-page","status-publish","hentry","entry"],"yoast_head":"<!-- This site is optimized with the Yoast SEO plugin v27.4 - https:\/\/yoast.com\/product\/yoast-seo-wordpress\/ -->\n<title>Contact - Agencia inmobiliaria Cidas en Oviedo, Asturias<\/title>\n<meta name=\"robots\" content=\"index, follow, max-snippet:-1, max-image-preview:large, max-video-preview:-1\" \/>\n<link rel=\"canonical\" href=\"https:\/\/www.cidasinmobiliaria.es\/en\/contact\/\" \/>\n<meta property=\"og:locale\" content=\"en_US\" \/>\n<meta property=\"og:type\" content=\"article\" \/>\n<meta property=\"og:title\" content=\"Contact - Agencia inmobiliaria Cidas en Oviedo, Asturias\" \/>\n<meta property=\"og:description\" content=\"Contact WHERE TO FIND US? Fuertes Acevedo 83 &#8211; Bajo, Oviedo, Asturias Mornings: 10:00 \u2013 13:30 \/ Afternoon: 16:30 \u2013 20:00 985 277 270 622 109 071 info@cidasinmobiliaria.es HOW CAN WE HELP YOU? Por favor, activa JavaScript en tu navegador para completar este formulario.Por favor, activa JavaScript en tu navegador para completar este formulario.Nombre *Tel\u00e9fonoE&hellip; Continue reading Contact\" \/>\n<meta property=\"og:url\" content=\"https:\/\/www.cidasinmobiliaria.es\/en\/contact\/\" \/>\n<meta property=\"og:site_name\" content=\"Agencia inmobiliaria Cidas en Oviedo, Asturias\" \/>\n<meta property=\"article:modified_time\" content=\"2024-07-09T07:46:26+00:00\" \/>\n<meta property=\"og:image\" content=\"http:\/\/www.cidasinmobiliaria.es\/wp-content\/uploads\/2023\/05\/map.png\" \/>\n<meta name=\"twitter:card\" content=\"summary_large_image\" \/>\n<meta name=\"twitter:label1\" content=\"Est. reading time\" \/>\n\t<meta name=\"twitter:data1\" content=\"2 minutes\" \/>\n<script type=\"application\/ld+json\" class=\"yoast-schema-graph\">{\"@context\":\"https:\\\/\\\/schema.org\",\"@graph\":[{\"@type\":\"WebPage\",\"@id\":\"https:\\\/\\\/www.cidasinmobiliaria.es\\\/en\\\/contact\\\/\",\"url\":\"https:\\\/\\\/www.cidasinmobiliaria.es\\\/en\\\/contact\\\/\",\"name\":\"Contact - Agencia inmobiliaria Cidas en Oviedo, Asturias\",\"isPartOf\":{\"@id\":\"https:\\\/\\\/www.cidasinmobiliaria.es\\\/en\\\/#website\"},\"primaryImageOfPage\":{\"@id\":\"https:\\\/\\\/www.cidasinmobiliaria.es\\\/en\\\/contact\\\/#primaryimage\"},\"image\":{\"@id\":\"https:\\\/\\\/www.cidasinmobiliaria.es\\\/en\\\/contact\\\/#primaryimage\"},\"thumbnailUrl\":\"http:\\\/\\\/www.cidasinmobiliaria.es\\\/wp-content\\\/uploads\\\/2023\\\/05\\\/map.png\",\"datePublished\":\"2023-04-27T10:41:42+00:00\",\"dateModified\":\"2024-07-09T07:46:26+00:00\",\"breadcrumb\":{\"@id\":\"https:\\\/\\\/www.cidasinmobiliaria.es\\\/en\\\/contact\\\/#breadcrumb\"},\"inLanguage\":\"en-US\",\"potentialAction\":[{\"@type\":\"ReadAction\",\"target\":[\"https:\\\/\\\/www.cidasinmobiliaria.es\\\/en\\\/contact\\\/\"]}]},{\"@type\":\"ImageObject\",\"inLanguage\":\"en-US\",\"@id\":\"https:\\\/\\\/www.cidasinmobiliaria.es\\\/en\\\/contact\\\/#primaryimage\",\"url\":\"http:\\\/\\\/www.cidasinmobiliaria.es\\\/wp-content\\\/uploads\\\/2023\\\/05\\\/map.png\",\"contentUrl\":\"http:\\\/\\\/www.cidasinmobiliaria.es\\\/wp-content\\\/uploads\\\/2023\\\/05\\\/map.png\"},{\"@type\":\"BreadcrumbList\",\"@id\":\"https:\\\/\\\/www.cidasinmobiliaria.es\\\/en\\\/contact\\\/#breadcrumb\",\"itemListElement\":[{\"@type\":\"ListItem\",\"position\":1,\"name\":\"Portada\",\"item\":\"https:\\\/\\\/www.cidasinmobiliaria.es\\\/en\\\/\"},{\"@type\":\"ListItem\",\"position\":2,\"name\":\"Contact\"}]},{\"@type\":\"WebSite\",\"@id\":\"https:\\\/\\\/www.cidasinmobiliaria.es\\\/en\\\/#website\",\"url\":\"https:\\\/\\\/www.cidasinmobiliaria.es\\\/en\\\/\",\"name\":\"Agencia inmobiliaria Cidas en Oviedo, Asturias\",\"description\":\"Agencia Inmobiliaria en Oviedo, Asturias\",\"publisher\":{\"@id\":\"https:\\\/\\\/www.cidasinmobiliaria.es\\\/en\\\/#organization\"},\"potentialAction\":[{\"@type\":\"SearchAction\",\"target\":{\"@type\":\"EntryPoint\",\"urlTemplate\":\"https:\\\/\\\/www.cidasinmobiliaria.es\\\/en\\\/?s={search_term_string}\"},\"query-input\":{\"@type\":\"PropertyValueSpecification\",\"valueRequired\":true,\"valueName\":\"search_term_string\"}}],\"inLanguage\":\"en-US\"},{\"@type\":\"Organization\",\"@id\":\"https:\\\/\\\/www.cidasinmobiliaria.es\\\/en\\\/#organization\",\"name\":\"Agencia inmobiliaria Cidas en Oviedo, Asturias\",\"url\":\"https:\\\/\\\/www.cidasinmobiliaria.es\\\/en\\\/\",\"logo\":{\"@type\":\"ImageObject\",\"inLanguage\":\"en-US\",\"@id\":\"https:\\\/\\\/www.cidasinmobiliaria.es\\\/en\\\/#\\\/schema\\\/logo\\\/image\\\/\",\"url\":\"https:\\\/\\\/www.cidasinmobiliaria.es\\\/wp-content\\\/uploads\\\/2023\\\/03\\\/cropped-cropped-cropped-cropped-LOGO-3-1-e1678796237900.png\",\"contentUrl\":\"https:\\\/\\\/www.cidasinmobiliaria.es\\\/wp-content\\\/uploads\\\/2023\\\/03\\\/cropped-cropped-cropped-cropped-LOGO-3-1-e1678796237900.png\",\"width\":348,\"height\":200,\"caption\":\"Agencia inmobiliaria Cidas en Oviedo, Asturias\"},\"image\":{\"@id\":\"https:\\\/\\\/www.cidasinmobiliaria.es\\\/en\\\/#\\\/schema\\\/logo\\\/image\\\/\"}}]}<\/script>\n<!-- \/ Yoast SEO plugin. -->","yoast_head_json":{"title":"Contact - Agencia inmobiliaria Cidas en Oviedo, Asturias","robots":{"index":"index","follow":"follow","max-snippet":"max-snippet:-1","max-image-preview":"max-image-preview:large","max-video-preview":"max-video-preview:-1"},"canonical":"https:\/\/www.cidasinmobiliaria.es\/en\/contact\/","og_locale":"en_US","og_type":"article","og_title":"Contact - Agencia inmobiliaria Cidas en Oviedo, Asturias","og_description":"Contact WHERE TO FIND US? Fuertes Acevedo 83 &#8211; Bajo, Oviedo, Asturias Mornings: 10:00 \u2013 13:30 \/ Afternoon: 16:30 \u2013 20:00 985 277 270 622 109 071 info@cidasinmobiliaria.es HOW CAN WE HELP YOU? Por favor, activa JavaScript en tu navegador para completar este formulario.Por favor, activa JavaScript en tu navegador para completar este formulario.Nombre *Tel\u00e9fonoE&hellip; Continue reading Contact","og_url":"https:\/\/www.cidasinmobiliaria.es\/en\/contact\/","og_site_name":"Agencia inmobiliaria Cidas en Oviedo, Asturias","article_modified_time":"2024-07-09T07:46:26+00:00","og_image":[{"url":"http:\/\/www.cidasinmobiliaria.es\/wp-content\/uploads\/2023\/05\/map.png","type":"","width":"","height":""}],"twitter_card":"summary_large_image","twitter_misc":{"Est. reading time":"2 minutes"},"schema":{"@context":"https:\/\/schema.org","@graph":[{"@type":"WebPage","@id":"https:\/\/www.cidasinmobiliaria.es\/en\/contact\/","url":"https:\/\/www.cidasinmobiliaria.es\/en\/contact\/","name":"Contact - Agencia inmobiliaria Cidas en Oviedo, Asturias","isPartOf":{"@id":"https:\/\/www.cidasinmobiliaria.es\/en\/#website"},"primaryImageOfPage":{"@id":"https:\/\/www.cidasinmobiliaria.es\/en\/contact\/#primaryimage"},"image":{"@id":"https:\/\/www.cidasinmobiliaria.es\/en\/contact\/#primaryimage"},"thumbnailUrl":"http:\/\/www.cidasinmobiliaria.es\/wp-content\/uploads\/2023\/05\/map.png","datePublished":"2023-04-27T10:41:42+00:00","dateModified":"2024-07-09T07:46:26+00:00","breadcrumb":{"@id":"https:\/\/www.cidasinmobiliaria.es\/en\/contact\/#breadcrumb"},"inLanguage":"en-US","potentialAction":[{"@type":"ReadAction","target":["https:\/\/www.cidasinmobiliaria.es\/en\/contact\/"]}]},{"@type":"ImageObject","inLanguage":"en-US","@id":"https:\/\/www.cidasinmobiliaria.es\/en\/contact\/#primaryimage","url":"http:\/\/www.cidasinmobiliaria.es\/wp-content\/uploads\/2023\/05\/map.png","contentUrl":"http:\/\/www.cidasinmobiliaria.es\/wp-content\/uploads\/2023\/05\/map.png"},{"@type":"BreadcrumbList","@id":"https:\/\/www.cidasinmobiliaria.es\/en\/contact\/#breadcrumb","itemListElement":[{"@type":"ListItem","position":1,"name":"Portada","item":"https:\/\/www.cidasinmobiliaria.es\/en\/"},{"@type":"ListItem","position":2,"name":"Contact"}]},{"@type":"WebSite","@id":"https:\/\/www.cidasinmobiliaria.es\/en\/#website","url":"https:\/\/www.cidasinmobiliaria.es\/en\/","name":"Agencia inmobiliaria Cidas en Oviedo, Asturias","description":"Agencia Inmobiliaria en Oviedo, Asturias","publisher":{"@id":"https:\/\/www.cidasinmobiliaria.es\/en\/#organization"},"potentialAction":[{"@type":"SearchAction","target":{"@type":"EntryPoint","urlTemplate":"https:\/\/www.cidasinmobiliaria.es\/en\/?s={search_term_string}"},"query-input":{"@type":"PropertyValueSpecification","valueRequired":true,"valueName":"search_term_string"}}],"inLanguage":"en-US"},{"@type":"Organization","@id":"https:\/\/www.cidasinmobiliaria.es\/en\/#organization","name":"Agencia inmobiliaria Cidas en Oviedo, Asturias","url":"https:\/\/www.cidasinmobiliaria.es\/en\/","logo":{"@type":"ImageObject","inLanguage":"en-US","@id":"https:\/\/www.cidasinmobiliaria.es\/en\/#\/schema\/logo\/image\/","url":"https:\/\/www.cidasinmobiliaria.es\/wp-content\/uploads\/2023\/03\/cropped-cropped-cropped-cropped-LOGO-3-1-e1678796237900.png","contentUrl":"https:\/\/www.cidasinmobiliaria.es\/wp-content\/uploads\/2023\/03\/cropped-cropped-cropped-cropped-LOGO-3-1-e1678796237900.png","width":348,"height":200,"caption":"Agencia inmobiliaria Cidas en Oviedo, Asturias"},"image":{"@id":"https:\/\/www.cidasinmobiliaria.es\/en\/#\/schema\/logo\/image\/"}}]}},"_links":{"self":[{"href":"https:\/\/www.cidasinmobiliaria.es\/en\/wp-json\/wp\/v2\/pages\/92","targetHints":{"allow":["GET"]}}],"collection":[{"href":"https:\/\/www.cidasinmobiliaria.es\/en\/wp-json\/wp\/v2\/pages"}],"about":[{"href":"https:\/\/www.cidasinmobiliaria.es\/en\/wp-json\/wp\/v2\/types\/page"}],"author":[{"embeddable":true,"href":"https:\/\/www.cidasinmobiliaria.es\/en\/wp-json\/wp\/v2\/users\/1"}],"replies":[{"embeddable":true,"href":"https:\/\/www.cidasinmobiliaria.es\/en\/wp-json\/wp\/v2\/comments?post=92"}],"version-history":[{"count":7,"href":"https:\/\/www.cidasinmobiliaria.es\/en\/wp-json\/wp\/v2\/pages\/92\/revisions"}],"predecessor-version":[{"id":1433,"href":"https:\/\/www.cidasinmobiliaria.es\/en\/wp-json\/wp\/v2\/pages\/92\/revisions\/1433"}],"wp:attachment":[{"href":"https:\/\/www.cidasinmobiliaria.es\/en\/wp-json\/wp\/v2\/media?parent=92"}],"curies":[{"name":"wp","href":"https:\/\/api.w.org\/{rel}","templated":true}]}}